{"id":365,"date":"2022-10-17T07:03:13","date_gmt":"2022-10-17T07:03:13","guid":{"rendered":"http:\/\/badminy.cluster028.hosting.ovh.net\/index.php\/home\/"},"modified":"2025-09-20T17:46:19","modified_gmt":"2025-09-20T15:46:19","slug":"home","status":"publish","type":"page","link":"https:\/\/badmintonepinal.com\/","title":{"rendered":"Home"},"content":{"rendered":"<div data-colibri-id=\"365-c1\" class=\"style-511 style-local-365-c1 position-relative\">\n  <!---->\n  <div data-colibri-component=\"section\" data-colibri-id=\"365-c2\" id=\"portfolio\" class=\"h-section h-section-global-spacing d-flex align-items-lg-center align-items-md-center align-items-center style-761 style-local-365-c2 position-relative\">\n    <!---->\n    <!---->\n    <div class=\"h-section-grid-container h-section-fluid-container\">\n      <!---->\n      <div data-colibri-id=\"365-c3\" class=\"h-row-container gutters-row-lg-2 gutters-row-md-2 gutters-row-0 gutters-row-v-lg-2 gutters-row-v-md-2 gutters-row-v-2 style-783 style-local-365-c3 position-relative\">\n        <!---->\n        <div class=\"h-row justify-content-lg-center justify-content-md-center justify-content-center align-items-lg-stretch align-items-md-stretch align-items-stretch gutters-col-lg-2 gutters-col-md-2 gutters-col-0 gutters-col-v-lg-2 gutters-col-v-md-2 gutters-col-v-2\">\n          <!---->\n          <div class=\"h-column h-column-container d-flex h-col-lg-auto h-col-md-auto h-col-auto style-784-outer style-local-365-c4-outer\">\n            <div data-colibri-id=\"365-c4\" class=\"d-flex h-flex-basis h-column__inner h-px-lg-2 h-px-md-2 h-px-2 v-inner-lg-2 v-inner-md-2 v-inner-2 style-784 style-local-365-c4 position-relative\">\n              <!---->\n              <!---->\n              <div class=\"w-100 h-y-container h-column__content h-column__v-align flex-basis-100 align-self-lg-start align-self-md-start align-self-start\">\n                <!---->\n                <div data-colibri-id=\"365-c5\" class=\"h-text h-text-component style-786 style-local-365-c5 position-relative h-element\">\n                  <!---->\n                  <!---->\n                  <div class=\"\">\n                    <p>Cr\u00e9\u00e9 en 1981, le club de badminton d&rsquo;\u00c9pinal a toujours souhait\u00e9 proposer une offre tr\u00e8s vari\u00e9e \u00e0 ses licenci\u00e9s afin que chacun puisse s&rsquo;\u00e9panouir dans la pratique de cette discipline. Fort d&rsquo;environ 180 joueurs, de tous les \u00e2ges et\n                      niveaux, le CBE est le 1er club de badminton des Vosges. Jeunes, adultes, loisirs, comp\u00e9titeurs et sport adapt\u00e9, \u00e0 chacun son bad !<\/p>\n                  <\/div>\n                <\/div>\n              <\/div>\n            <\/div>\n          <\/div>\n        <\/div>\n      <\/div>\n      <div data-colibri-id=\"365-c6\" class=\"h-row-container gutters-row-lg-2 gutters-row-md-2 gutters-row-0 gutters-row-v-lg-2 gutters-row-v-md-2 gutters-row-v-2 style-809 style-local-365-c6 position-relative\">\n        <!---->\n        <div class=\"h-row justify-content-lg-center justify-content-md-center justify-content-center align-items-lg-stretch align-items-md-stretch align-items-stretch gutters-col-lg-2 gutters-col-md-2 gutters-col-0 gutters-col-v-lg-2 gutters-col-v-md-2 gutters-col-v-2\">\n          <!---->\n          <div class=\"h-column h-column-container d-flex h-col-lg-auto h-col-md-auto h-col-auto style-810-outer style-local-365-c7-outer\">\n            <div data-colibri-id=\"365-c7\" class=\"d-flex h-flex-basis h-column__inner h-px-lg-2 h-px-md-2 h-px-2 v-inner-lg-2 v-inner-md-2 v-inner-2 style-810 style-local-365-c7 position-relative\">\n              <!---->\n              <!---->\n              <div class=\"w-100 h-y-container h-column__content h-column__v-align flex-basis-100 align-self-lg-start align-self-md-start align-self-start\">\n                <!---->\n                <div data-colibri-id=\"365-c8\" class=\"d-block style-819 style-local-365-c8 position-relative h-element\">\n                  <!---->\n                  <div class=\"h-image__frame-container-outer\">\n                    <div class=\"h-image__frame-container\">\n                      <!---->\n                      <!---->\n                      <img loading=\"lazy\" decoding=\"async\" width=\"1919\" height=\"1295\" src=\"https:\/\/badmintonepinal.com\/wp-content\/uploads\/2025\/07\/cropped-IMG_7880-scaled-1.jpg\" class=\"wp-image-1739 style-819-image style-local-365-c8-image\" alt=\"\" srcset=\"https:\/\/badmintonepinal.com\/wp-content\/uploads\/2025\/07\/cropped-IMG_7880-scaled-1.jpg 1919w, https:\/\/badmintonepinal.com\/wp-content\/uploads\/2025\/07\/cropped-IMG_7880-scaled-1-300x202.jpg 300w, https:\/\/badmintonepinal.com\/wp-content\/uploads\/2025\/07\/cropped-IMG_7880-scaled-1-1024x691.jpg 1024w, https:\/\/badmintonepinal.com\/wp-content\/uploads\/2025\/07\/cropped-IMG_7880-scaled-1-768x518.jpg 768w, https:\/\/badmintonepinal.com\/wp-content\/uploads\/2025\/07\/cropped-IMG_7880-scaled-1-1536x1037.jpg 1536w\" sizes=\"auto, (max-width: 1919px) 100vw, 1919px\" \/>\n                      <div class=\"h-image__frame h-hide-lg h-hide-md h-hide-sm style-819-frameImage style-local-365-c8-frameImage\"><\/div>\n                    <\/div>\n                  <\/div>\n                <\/div>\n              <\/div>\n            <\/div>\n          <\/div>\n          <div class=\"h-column h-column-container d-flex h-col-lg-auto h-col-md-auto h-col-auto style-811-outer style-local-365-c9-outer\">\n            <div data-colibri-id=\"365-c9\" class=\"d-flex h-flex-basis h-column__inner h-px-lg-2 h-px-md-2 h-px-2 v-inner-lg-2 v-inner-md-2 v-inner-2 style-811 style-local-365-c9 position-relative\">\n              <!---->\n              <!---->\n              <div class=\"w-100 h-y-container h-column__content h-column__v-align flex-basis-100 align-self-lg-start align-self-md-start align-self-start\">\n                <!---->\n                <div data-colibri-id=\"365-c10\" class=\"d-block style-820 style-local-365-c10 position-relative h-element\">\n                  <!---->\n                  <div class=\"h-image__frame-container-outer\">\n                    <div class=\"h-image__frame-container\">\n                      <!---->\n                      <!---->\n                      <img loading=\"lazy\" decoding=\"async\" width=\"1280\" height=\"736\" src=\"https:\/\/badmintonepinal.com\/wp-content\/uploads\/2023\/08\/IMG_5241.jpg\" class=\"wp-image-1430 style-820-image style-local-365-c10-image\" alt=\"\" srcset=\"https:\/\/badmintonepinal.com\/wp-content\/uploads\/2023\/08\/IMG_5241.jpg 1280w, https:\/\/badmintonepinal.com\/wp-content\/uploads\/2023\/08\/IMG_5241-300x173.jpg 300w, https:\/\/badmintonepinal.com\/wp-content\/uploads\/2023\/08\/IMG_5241-1024x589.jpg 1024w, https:\/\/badmintonepinal.com\/wp-content\/uploads\/2023\/08\/IMG_5241-768x442.jpg 768w\" sizes=\"auto, (max-width: 1280px) 100vw, 1280px\" \/>\n                      <div class=\"h-image__frame h-hide-lg h-hide-md h-hide-sm style-820-frameImage style-local-365-c10-frameImage\"><\/div>\n                    <\/div>\n                  <\/div>\n                <\/div>\n              <\/div>\n            <\/div>\n          <\/div>\n          <div class=\"h-column h-column-container d-flex h-col-lg-auto h-col-md-auto h-col-auto style-815-outer style-local-365-c11-outer\">\n            <div data-colibri-id=\"365-c11\" class=\"d-flex h-flex-basis h-column__inner h-px-lg-2 h-px-md-2 h-px-2 v-inner-lg-2 v-inner-md-2 v-inner-2 style-815 style-local-365-c11 position-relative\">\n              <!---->\n              <!---->\n              <div class=\"w-100 h-y-container h-column__content h-column__v-align flex-basis-100 align-self-lg-start align-self-md-start align-self-start\">\n                <!---->\n                <div data-colibri-id=\"365-c12\" class=\"d-block style-821 style-local-365-c12 position-relative h-element\">\n                  <!---->\n                  <div class=\"h-image__frame-container-outer\">\n                    <div class=\"h-image__frame-container\">\n                      <!---->\n                      <!---->\n                      <img loading=\"lazy\" decoding=\"async\" width=\"1132\" height=\"601\" src=\"https:\/\/badmintonepinal.com\/wp-content\/uploads\/2025\/07\/cropped-IMG_9348.jpg\" class=\"wp-image-1741 style-821-image style-local-365-c12-image\" alt=\"\" srcset=\"https:\/\/badmintonepinal.com\/wp-content\/uploads\/2025\/07\/cropped-IMG_9348.jpg 1132w, https:\/\/badmintonepinal.com\/wp-content\/uploads\/2025\/07\/cropped-IMG_9348-300x159.jpg 300w, https:\/\/badmintonepinal.com\/wp-content\/uploads\/2025\/07\/cropped-IMG_9348-1024x544.jpg 1024w, https:\/\/badmintonepinal.com\/wp-content\/uploads\/2025\/07\/cropped-IMG_9348-768x408.jpg 768w\" sizes=\"auto, (max-width: 1132px) 100vw, 1132px\" \/>\n                      <div class=\"h-image__frame h-hide-lg h-hide-md h-hide-sm style-821-frameImage style-local-365-c12-frameImage\"><\/div>\n                    <\/div>\n                  <\/div>\n                <\/div>\n              <\/div>\n            <\/div>\n          <\/div>\n          <div class=\"h-column h-column-container d-flex h-col-lg-auto h-col-md-auto h-col-auto style-816-outer style-local-365-c13-outer\">\n            <div data-colibri-id=\"365-c13\" class=\"d-flex h-flex-basis h-column__inner h-px-lg-2 h-px-md-2 h-px-2 v-inner-lg-2 v-inner-md-2 v-inner-2 style-816 style-local-365-c13 position-relative\">\n              <!---->\n              <!---->\n              <div class=\"w-100 h-y-container h-column__content h-column__v-align flex-basis-100 align-self-lg-start align-self-md-start align-self-start\">\n                <!---->\n                <div data-colibri-id=\"365-c14\" class=\"d-block style-822 style-local-365-c14 position-relative h-element\">\n                  <!---->\n                  <div class=\"h-image__frame-container-outer\">\n                    <div class=\"h-image__frame-container\">\n                      <!---->\n                      <!---->\n                      <img loading=\"lazy\" decoding=\"async\" width=\"1122\" height=\"765\" src=\"https:\/\/badmintonepinal.com\/wp-content\/uploads\/2023\/08\/cropped-IMG_34621.jpg\" class=\"wp-image-1742 style-822-image style-local-365-c14-image\" alt=\"\" srcset=\"https:\/\/badmintonepinal.com\/wp-content\/uploads\/2023\/08\/cropped-IMG_34621.jpg 1122w, https:\/\/badmintonepinal.com\/wp-content\/uploads\/2023\/08\/cropped-IMG_34621-300x205.jpg 300w, https:\/\/badmintonepinal.com\/wp-content\/uploads\/2023\/08\/cropped-IMG_34621-1024x698.jpg 1024w, https:\/\/badmintonepinal.com\/wp-content\/uploads\/2023\/08\/cropped-IMG_34621-768x524.jpg 768w\" sizes=\"auto, (max-width: 1122px) 100vw, 1122px\" \/>\n                      <div class=\"h-image__frame h-hide-lg h-hide-md h-hide-sm style-822-frameImage style-local-365-c14-frameImage\"><\/div>\n                    <\/div>\n                  <\/div>\n                <\/div>\n              <\/div>\n            <\/div>\n          <\/div>\n        <\/div>\n      <\/div>\n      <div data-colibri-id=\"365-c15\" class=\"h-row-container gutters-row-lg-2 gutters-row-md-2 gutters-row-0 gutters-row-v-lg-2 gutters-row-v-md-2 gutters-row-v-2 style-812 style-local-365-c15 position-relative\">\n        <!---->\n        <div class=\"h-row justify-content-lg-center justify-content-md-center justify-content-center align-items-lg-stretch align-items-md-stretch align-items-stretch gutters-col-lg-2 gutters-col-md-2 gutters-col-0 gutters-col-v-lg-2 gutters-col-v-md-2 gutters-col-v-2\">\n          <!---->\n          <div class=\"h-column h-column-container d-flex h-col-lg-auto h-col-md-auto h-col-auto style-813-outer style-local-365-c16-outer\">\n            <div data-colibri-id=\"365-c16\" class=\"d-flex h-flex-basis h-column__inner h-px-lg-2 h-px-md-2 h-px-2 v-inner-lg-2 v-inner-md-2 v-inner-2 style-813 style-local-365-c16 position-relative\">\n              <!---->\n              <!---->\n              <div class=\"w-100 h-y-container h-column__content h-column__v-align flex-basis-100 align-self-lg-start align-self-md-start align-self-start\">\n                <!---->\n                <div data-colibri-id=\"365-c17\" class=\"d-block style-823 style-local-365-c17 position-relative h-element\">\n                  <!---->\n                  <div class=\"h-image__frame-container-outer\">\n                    <div class=\"h-image__frame-container\">\n                      <!---->\n                      <!---->\n                      <img loading=\"lazy\" decoding=\"async\" width=\"1280\" height=\"767\" src=\"https:\/\/badmintonepinal.com\/wp-content\/uploads\/2023\/08\/290333564_468098065124271_2422265170647373307_n.jpg\" class=\"wp-image-1199 style-823-image style-local-365-c17-image\" alt=\"\" srcset=\"https:\/\/badmintonepinal.com\/wp-content\/uploads\/2023\/08\/290333564_468098065124271_2422265170647373307_n.jpg 1280w, https:\/\/badmintonepinal.com\/wp-content\/uploads\/2023\/08\/290333564_468098065124271_2422265170647373307_n-300x180.jpg 300w, https:\/\/badmintonepinal.com\/wp-content\/uploads\/2023\/08\/290333564_468098065124271_2422265170647373307_n-1024x614.jpg 1024w, https:\/\/badmintonepinal.com\/wp-content\/uploads\/2023\/08\/290333564_468098065124271_2422265170647373307_n-768x460.jpg 768w\" sizes=\"auto, (max-width: 1280px) 100vw, 1280px\" \/>\n                      <div class=\"h-image__frame h-hide-lg h-hide-md h-hide-sm style-823-frameImage style-local-365-c17-frameImage\"><\/div>\n                    <\/div>\n                  <\/div>\n                <\/div>\n              <\/div>\n            <\/div>\n          <\/div>\n          <div class=\"h-column h-column-container d-flex h-col-lg-auto h-col-md-auto h-col-auto style-814-outer style-local-365-c18-outer\">\n            <div data-colibri-id=\"365-c18\" class=\"d-flex h-flex-basis h-column__inner h-px-lg-2 h-px-md-2 h-px-2 v-inner-lg-2 v-inner-md-2 v-inner-2 style-814 style-local-365-c18 position-relative\">\n              <!---->\n              <!---->\n              <div class=\"w-100 h-y-container h-column__content h-column__v-align flex-basis-100 align-self-lg-start align-self-md-start align-self-start\">\n                <!---->\n                <div data-colibri-id=\"365-c19\" class=\"d-block style-824 style-local-365-c19 position-relative h-element\">\n                  <!---->\n                  <div class=\"h-image__frame-container-outer\">\n                    <div class=\"h-image__frame-container\">\n                      <!---->\n                      <!---->\n                      <img loading=\"lazy\" decoding=\"async\" width=\"1017\" height=\"814\" src=\"https:\/\/badmintonepinal.com\/wp-content\/uploads\/2023\/08\/cropped-IMG_5242.jpg\" class=\"wp-image-1743 style-824-image style-local-365-c19-image\" alt=\"\" srcset=\"https:\/\/badmintonepinal.com\/wp-content\/uploads\/2023\/08\/cropped-IMG_5242.jpg 1017w, https:\/\/badmintonepinal.com\/wp-content\/uploads\/2023\/08\/cropped-IMG_5242-300x240.jpg 300w, https:\/\/badmintonepinal.com\/wp-content\/uploads\/2023\/08\/cropped-IMG_5242-768x615.jpg 768w\" sizes=\"auto, (max-width: 1017px) 100vw, 1017px\" \/>\n                      <div class=\"h-image__frame h-hide-lg h-hide-md h-hide-sm style-824-frameImage style-local-365-c19-frameImage\"><\/div>\n                    <\/div>\n                  <\/div>\n                <\/div>\n              <\/div>\n            <\/div>\n          <\/div>\n          <div class=\"h-column h-column-container d-flex h-col-lg-auto h-col-md-auto h-col-auto style-817-outer style-local-365-c20-outer\">\n            <div data-colibri-id=\"365-c20\" class=\"d-flex h-flex-basis h-column__inner h-px-lg-2 h-px-md-2 h-px-2 v-inner-lg-2 v-inner-md-2 v-inner-2 style-817 style-local-365-c20 position-relative\">\n              <!---->\n              <!---->\n              <div class=\"w-100 h-y-container h-column__content h-column__v-align flex-basis-100 align-self-lg-start align-self-md-start align-self-start\">\n                <!---->\n                <div data-colibri-id=\"365-c21\" class=\"d-block style-825 style-local-365-c21 position-relative h-element\">\n                  <!---->\n                  <div class=\"h-image__frame-container-outer\">\n                    <div class=\"h-image__frame-container\">\n                      <!---->\n                      <!---->\n                      <img loading=\"lazy\" decoding=\"async\" width=\"2048\" height=\"1365\" src=\"https:\/\/badmintonepinal.com\/wp-content\/uploads\/2023\/08\/355025960_697613658839376_2041871574506902547_n.jpg\" class=\"wp-image-1202 style-825-image style-local-365-c21-image\" alt=\"\" srcset=\"https:\/\/badmintonepinal.com\/wp-content\/uploads\/2023\/08\/355025960_697613658839376_2041871574506902547_n.jpg 2048w, https:\/\/badmintonepinal.com\/wp-content\/uploads\/2023\/08\/355025960_697613658839376_2041871574506902547_n-300x200.jpg 300w, https:\/\/badmintonepinal.com\/wp-content\/uploads\/2023\/08\/355025960_697613658839376_2041871574506902547_n-1024x683.jpg 1024w, https:\/\/badmintonepinal.com\/wp-content\/uploads\/2023\/08\/355025960_697613658839376_2041871574506902547_n-768x512.jpg 768w, https:\/\/badmintonepinal.com\/wp-content\/uploads\/2023\/08\/355025960_697613658839376_2041871574506902547_n-1536x1024.jpg 1536w\" sizes=\"auto, (max-width: 2048px) 100vw, 2048px\" \/>\n                      <div class=\"h-image__frame h-hide-lg h-hide-md h-hide-sm style-825-frameImage style-local-365-c21-frameImage\"><\/div>\n                    <\/div>\n                  <\/div>\n                <\/div>\n              <\/div>\n            <\/div>\n          <\/div>\n          <div class=\"h-column h-column-container d-flex h-col-lg-auto h-col-md-auto h-col-auto style-818-outer style-local-365-c22-outer\">\n            <div data-colibri-id=\"365-c22\" class=\"d-flex h-flex-basis h-column__inner h-px-lg-2 h-px-md-2 h-px-2 v-inner-lg-2 v-inner-md-2 v-inner-2 style-818 style-local-365-c22 position-relative\">\n              <!---->\n              <!---->\n              <div class=\"w-100 h-y-container h-column__content h-column__v-align flex-basis-100 align-self-lg-start align-self-md-start align-self-start\">\n                <!---->\n                <div data-colibri-id=\"365-c23\" class=\"d-block style-826 style-local-365-c23 position-relative h-element\">\n                  <!---->\n                  <div class=\"h-image__frame-container-outer\">\n                    <div class=\"h-image__frame-container\">\n                      <!---->\n                      <!---->\n                      <img loading=\"lazy\" decoding=\"async\" width=\"2484\" height=\"935\" src=\"https:\/\/badmintonepinal.com\/wp-content\/uploads\/2025\/07\/cropped-IMG_8051-scaled-1.jpg\" class=\"wp-image-1744 style-826-image style-local-365-c23-image\" alt=\"\" srcset=\"https:\/\/badmintonepinal.com\/wp-content\/uploads\/2025\/07\/cropped-IMG_8051-scaled-1.jpg 2484w, https:\/\/badmintonepinal.com\/wp-content\/uploads\/2025\/07\/cropped-IMG_8051-scaled-1-300x113.jpg 300w, https:\/\/badmintonepinal.com\/wp-content\/uploads\/2025\/07\/cropped-IMG_8051-scaled-1-1024x385.jpg 1024w, https:\/\/badmintonepinal.com\/wp-content\/uploads\/2025\/07\/cropped-IMG_8051-scaled-1-768x289.jpg 768w, https:\/\/badmintonepinal.com\/wp-content\/uploads\/2025\/07\/cropped-IMG_8051-scaled-1-1536x578.jpg 1536w, https:\/\/badmintonepinal.com\/wp-content\/uploads\/2025\/07\/cropped-IMG_8051-scaled-1-2048x771.jpg 2048w\" sizes=\"auto, (max-width: 2484px) 100vw, 2484px\" \/>\n                      <div class=\"h-image__frame h-hide-lg h-hide-md h-hide-sm style-826-frameImage style-local-365-c23-frameImage\"><\/div>\n                    <\/div>\n                  <\/div>\n                <\/div>\n              <\/div>\n            <\/div>\n          <\/div>\n        <\/div>\n      <\/div>\n    <\/div>\n  <\/div>\n  <div data-colibri-component=\"section\" data-colibri-id=\"365-c24\" id=\"reusable-sections\" class=\"h-section h-section-global-spacing d-flex align-items-lg-center align-items-md-center align-items-center style-779 style-local-365-c24 position-relative\">\n    <!---->\n    <!---->\n    <div class=\"h-section-grid-container h-section-boxed-container\">\n      <!---->\n      <div data-colibri-id=\"365-c25\" class=\"h-row-container gutters-row-lg-2 gutters-row-md-2 gutters-row-0 gutters-row-v-lg-2 gutters-row-v-md-2 gutters-row-v-2 style-780 style-local-365-c25 position-relative\">\n        <!---->\n        <div class=\"h-row justify-content-lg-center justify-content-md-center justify-content-center align-items-lg-stretch align-items-md-stretch align-items-stretch gutters-col-lg-2 gutters-col-md-2 gutters-col-0 gutters-col-v-lg-2 gutters-col-v-md-2 gutters-col-v-2\">\n          <!---->\n          <div class=\"h-column h-column-container d-flex h-col-lg-auto h-col-md-auto h-col-auto style-781-outer style-local-365-c26-outer\">\n            <div data-colibri-id=\"365-c26\" class=\"d-flex h-flex-basis h-column__inner h-px-lg-2 h-px-md-2 h-px-2 v-inner-lg-2 v-inner-md-2 v-inner-2 style-781 style-local-365-c26 position-relative\">\n              <!---->\n              <!---->\n              <div class=\"w-100 h-y-container h-column__content h-column__v-align flex-basis-100 align-self-lg-start align-self-md-start align-self-start\">\n                <!---->\n                <div data-colibri-id=\"365-c27\" class=\"d-block style-782 style-local-365-c27 position-relative h-element\">\n                  <!---->\n                  <div class=\"h-image__frame-container-outer\">\n                    <div class=\"h-image__frame-container\">\n                      <!---->\n                      <!---->\n                      <img loading=\"lazy\" decoding=\"async\" width=\"2560\" height=\"256\" src=\"https:\/\/badmintonepinal.com\/wp-content\/uploads\/2025\/09\/sponsors_site-scaled.png\" class=\"wp-image-1760 style-782-image style-local-365-c27-image\" alt=\"\" srcset=\"https:\/\/badmintonepinal.com\/wp-content\/uploads\/2025\/09\/sponsors_site-scaled.png 2560w, https:\/\/badmintonepinal.com\/wp-content\/uploads\/2025\/09\/sponsors_site-300x30.png 300w, https:\/\/badmintonepinal.com\/wp-content\/uploads\/2025\/09\/sponsors_site-1024x102.png 1024w, https:\/\/badmintonepinal.com\/wp-content\/uploads\/2025\/09\/sponsors_site-768x77.png 768w, https:\/\/badmintonepinal.com\/wp-content\/uploads\/2025\/09\/sponsors_site-1536x154.png 1536w, https:\/\/badmintonepinal.com\/wp-content\/uploads\/2025\/09\/sponsors_site-2048x205.png 2048w\" sizes=\"auto, (max-width: 2560px) 100vw, 2560px\" \/>\n                      <div class=\"h-image__frame h-hide-lg h-hide-md h-hide-sm style-782-frameImage style-local-365-c27-frameImage\"><\/div>\n                    <\/div>\n                  <\/div>\n                <\/div>\n              <\/div>\n            <\/div>\n          <\/div>\n        <\/div>\n      <\/div>\n    <\/div>\n  <\/div>\n<\/div>","protected":false},"excerpt":{"rendered":"<p>Cr\u00e9\u00e9 en 1981, le club de badminton d&rsquo;\u00c9pinal a toujours souhait\u00e9 proposer une offre tr\u00e8s vari\u00e9e \u00e0 ses licenci\u00e9s afin que chacun puisse s&rsquo;\u00e9panouir dans la pratique de cette discipline. Fort d&rsquo;environ 180 joueurs, de tous les \u00e2ges et niveaux, le CBE est le 1er club de badminton des Vosges. Jeunes, adultes, loisirs, comp\u00e9titeurs et [&hellip;]<\/p>\n","protected":false},"author":1,"featured_media":0,"parent":0,"menu_order":0,"comment_status":"closed","ping_status":"closed","template":"page-templates\/full-width-page.php","meta":{"_uag_custom_page_level_css":"","footnotes":""},"class_list":["post-365","page","type-page","status-publish","hentry"],"uagb_featured_image_src":{"full":false,"thumbnail":false,"medium":false,"medium_large":false,"large":false,"1536x1536":false,"2048x2048":false},"uagb_author_info":{"display_name":"badminy915","author_link":"https:\/\/badmintonepinal.com\/index.php\/author\/badminy915\/"},"uagb_comment_info":0,"uagb_excerpt":"Cr\u00e9\u00e9 en 1981, le club de badminton d&rsquo;\u00c9pinal a toujours souhait\u00e9 proposer une offre tr\u00e8s vari\u00e9e \u00e0 ses licenci\u00e9s afin que chacun puisse s&rsquo;\u00e9panouir dans la pratique de cette discipline. Fort d&rsquo;environ 180 joueurs, de tous les \u00e2ges et niveaux, le CBE est le 1er club de badminton des Vosges. Jeunes, adultes, loisirs, comp\u00e9titeurs et\u2026","_links":{"self":[{"href":"https:\/\/badmintonepinal.com\/index.php\/wp-json\/wp\/v2\/pages\/365","targetHints":{"allow":["GET"]}}],"collection":[{"href":"https:\/\/badmintonepinal.com\/index.php\/wp-json\/wp\/v2\/pages"}],"about":[{"href":"https:\/\/badmintonepinal.com\/index.php\/wp-json\/wp\/v2\/types\/page"}],"author":[{"embeddable":true,"href":"https:\/\/badmintonepinal.com\/index.php\/wp-json\/wp\/v2\/users\/1"}],"replies":[{"embeddable":true,"href":"https:\/\/badmintonepinal.com\/index.php\/wp-json\/wp\/v2\/comments?post=365"}],"version-history":[{"count":20,"href":"https:\/\/badmintonepinal.com\/index.php\/wp-json\/wp\/v2\/pages\/365\/revisions"}],"predecessor-version":[{"id":1763,"href":"https:\/\/badmintonepinal.com\/index.php\/wp-json\/wp\/v2\/pages\/365\/revisions\/1763"}],"wp:attachment":[{"href":"https:\/\/badmintonepinal.com\/index.php\/wp-json\/wp\/v2\/media?parent=365"}],"curies":[{"name":"wp","href":"https:\/\/api.w.org\/{rel}","templated":true}]}}